{"id":793,"date":"0001-01-01T00:53:28","date_gmt":"0001-01-01T00:00:00","guid":{"rendered":"https:\/\/sz-legal.de\/kontakt\/"},"modified":"2026-04-16T12:36:32","modified_gmt":"2026-04-16T10:36:32","slug":"kontakt","status":"publish","type":"page","link":"https:\/\/sz-legal.de\/en\/kontakt\/","title":{"rendered":"contact"},"content":{"rendered":"","protected":false},"excerpt":{"rendered":"","protected":false},"author":1,"featured_media":759,"parent":0,"menu_order":0,"comment_status":"closed","ping_status":"closed","template":"","meta":{"_acf_changed":false,"inline_featured_image":false,"footnotes":""},"class_list":["post-793","page","type-page","status-publish","has-post-thumbnail","hentry"],"acf":{"header_address.Content":"","header_opening_hours.Content":"","header_phone_number.Content":"","child_entity.Value":"11","001_page_meta.page_image10.Id":11,"001_page_meta.page_image9.Id":11,"001_page_meta.page_image8.Id":11,"001_page_meta.page_image7.Id":11,"001_page_meta.page_image6.Id":11,"001_page_meta.page_image5.Id":11,"001_page_meta.page_image4.Id":11,"001_page_meta.page_image3.Id":11,"001_page_meta.page_image2.Id":11,"001_page_meta.page_image1.Id":11,"0001_website_meta.site_logo.Id":2738,"galleries_enabled.Value":"true","multi_language_maps_enabled.Value":"false","001_page_meta.featured_image_mobile.Id":759,"001_page_meta.featured_image.Id":759,"001_page_meta.content_image_3.Id":"","001_page_meta.content_image_2.Id":"","001_page_meta.content_image_1.Id":"","parent_entity.Value":"","type_entity.Value":"","0001_website_meta.site_logo_inverted.Id":null,"02_hero_content.hero_image3.Id":"","02_hero_content.image_hero_content3.Id":"","02_hero_content.image_hero_content2.Id":"","02_hero_content.image_hero_content1.Id":"","heading_hero_benefit3.Content":"","heading_hero_benefit2.Content":"","heading_hero_benefit1.Content":"","heading_hero_slider.Content":"","02_hero_content.hero_image8.Id":"","02_hero_content.hero_image7.Id":"","02_hero_content.hero_image6.Id":"","02_hero_content.hero_image5.Id":"","02_hero_content.hero_image4.Id":"","top_heading_hero.Content":"<div>SZ Legal - Rechtsberatung f\u00fcr Privatpersonen  und Unternehmen weltweit<\/div>","02_hero_content.hero_image2.Id":"","02_hero_content.hero_image1.Id":"","hero_content_form_benefit2.Content":"","hero_content_form_benefit1.Content":"","hero_content_form_benefit3.Content":"","hero_content_form.Value":"","hero_gallery_enabled.Value":"false","main_heading_hero_cta.Value":"\/kontakt","main_heading_hero_cta.Attribute":"Kontakt","sub_heading_hero.Content":"","main_heading_hero.Content":"Kontakt","subheading_contact_form.Content":"Jetzt unverbindliche Ersteinsch\u00e4tzung anfordern","contact_area_contact_form_phone_text.Content":"Ihre Telefonnummer","contact_area_contact_form_name_text.Content":"Ihr Name","contact_area_contact_form_message_text.Content":"Ihre Nachricht","contact_area_contact_form_mail_text.Content":"Ihre@email.com","contact_area_contact_form_button_text.Content":"Absenden","contact_form.Value":"1","contact_address.Content":"<div>Lindenallee 3b<\/div>\n<div>50968 K\u00f6ln<\/div>","opening_hours.Content":"Montag - Freitag 09:00 - 18:00 Uhr","map.Value":"Rechtsanw\u00e4ltin Sandra Zimmerling , 50968 K\u00f6ln, Lindenallee 3b","heading_contact_form.Content":"<div>Ihr Kontakt zu mir<\/div>","telephone.Value":"tel:+4915563037528","e-mail.Value":"mailto:info@sz-legal.de","e-mail.Attribute":"info@sz-legal.de","calendly_enabled.Value":"false","contact_image_enabled.Value":"","contact_maps_enabled.Value":"true","calendly_url.Value":"","calendly_url.Attribute":"Flexibel schnell im Kalender buchen","online_form_name.Content":"","online_form_source.Value":"","testimonial3_customer.Content":"","04_social_proof.testimonial1_image.Id":"","04_social_proof.testimonial2_image.Id":"","04_social_proof.testimonial3_image.Id":"","04_social_proof.google_places_review_image.Id":"","04_social_proof.social_proof_background_image.Id":"","heading_social_proof.Content":"","google_places_id2.Value":"","google_places_id.Value":"","testimonial1_customer.Content":"","testimonial1_text.Content":"","testimonial2_customer.Content":"","testimonial3_text.Content":"","testimonial2_text.Content":"","custom_reviews_enabled.Value":"","anwalt_de_widgetcode.Value":"","anwalt_de_enabled.Value":"","google_places_enabled.Value":"","google_places_reviews_enabled2.Value":"","google_places_reviews_enabled.Value":"","google_places_review_url2.Value":"","subheading_social_proof.Content":"","google_places_review_url.Value":"","social_proof_enabled.Value":"true","social_proof_disclaimer.Content":"","benefit_1_text.Content":"","05a_benefit_area.benefit_3_image.Id":"","05a_benefit_area.benefit_2_image.Id":"","05a_benefit_area.benefit_1_image.Id":"","05a_benefit_area_enabled.Value":"true","benefit_heading_enabled.value":"false","benefit_heading.Content":"","benefit_3_text.Content":"","benefit_3_heading.Content":"","benefit_3_icon.Id":"","benefit_2_text.Content":"","benefit_2_heading.Content":"","benefit_2_icon.Id":"","benefit_1_icon.Id":"","benefit_1_heading.Content":"","benefit_1_widgetcode.Content":"","benefit_2_widgetcode.Content":"","benefit_3_widgetcode.Content":"","intro_heading.Content":"","intro_text.Content":"","intro_gallery_enabled.Value":"false","05a_content_intro_enabled.Value":"true","overview_heading.Content":"","overview_text.Content":"","overview_cta_lead_in.Content":"","overview_cta.Attribute":"","overview_cta.Value":"","05b_content_overview_enabled.Value":"true","detail_heading_opt2.Content":"","05c_content_detail.image_product5.Id":"","detail_text_opt2.Content":"","detail_call_to_action_enabled.Value":"false","detail_slider_enabled.Value":"false","detail_heading.Content":"","detail_text.Content":"","detail_cta_lead_in.Content":"","detail_cta.Attribute":"","detail_cta.Value":"","detail_heading_opt1.Content":"","detail_text_opt1.Content":"","detail_cta_lead_in_opt1.Content":"","detail_cta_opt1.Attribute":"","detail_cta_opt1.Value":"","05c_content_detail.image_person_slider3.Id":"","05c_content_detail_enabled.Value":"true","detail_cta_lead_in_opt2.Content":"","detail_cta_opt2.Attribute":"","detail_cta_opt2.Value":"","detail_heading_opt3.Content":"","detail_text_opt3.Content":"","detail_cta_lead_in_opt3.Content":"","05c_content_detail.image_product1.Id":"","detail_cta_opt3.Attribute":"","05c_content_detail.image_product2.Id":"","detail_cta_opt3.Value":"","05c_content_detail.image_product3.Id":"","detail_heading_opt4.Content":"","05c_content_detail.image_product4.Id":"","detail_cta_opt6.Attribute":"","detail_cta_lead_in_opt4.Content":"","detail_cta_opt4.Attribute":"","05c_content_detail.image_product6.Id":"","05c_content_detail.image_product7.Id":"","detail_cta_opt4.Value":"","05c_content_detail.image_product8.Id":"","05c_content_detail.image_product9.Id":"","detail_heading_opt5.Content":"","detail_text_opt5.Content":"","detail_cta_lead_in_opt5.Content":"","detail_cta_opt5.Attribute":"","detail_cta_opt5.Value":"","detail_heading_opt6.Content":"","detail_text_opt6.Content":"","detail_cta_opt6.Value":"","detail_text_opt4.Content":"","05c_content_detail.image_staff_1.Id":"","05c_content_detail.image_staff_2.Id":"","05c_content_detail.image_staff_3.Id":"","05c_content_detail.image_staff_4.Id":"","05c_content_detail.image_staff_5.Id":"","05c_content_detail.image_staff_6.Id":"","05c_content_detail.image_person_slider1.Id":"","05c_content_detail.image_office.Id":"","detail_cta_lead_in_opt6.Content":"","05c_content_detail.image_person_slider4.Id":"","05c_content_detail.image_person.Id":"","05c_content_detail.image_person_slider2.Id":"","competence_heading.Content":"","competence_text.Content":"","competence_cta_lead_in.Content":"","competence_cta.Attribute":"","competence_cta.Value":"","05d_content_competence_enabled.Value":"true","05d_content_competence.competence_image1.Id":"","05d_content_competence.competence_image2.Id":"","services_heading.Content":"","services_text.Content":"","services_cta_lead_in.Content":"","services_cta.Attribute":"","services_cta.Value":"","05e_content_services_enabled.Value":"true","faq_heading.Content":"","question2.Content":"","question3.Content":"","question4.Content":"","question5.Content":"","question6.Content":"","question7.Content":"","question8.Content":"","question9.Content":"","question10.Content":"","question1.Content":"","answer10.Content":"","answer3.Content":"","answer4.Content":"","answer5.Content":"","answer6.Content":"","answer7.Content":"","answer8.Content":"","answer9.Content":"","answer1.Content":"","answer2.Content":"","05f_questions_and_answers_enabled.Value":"true","seoarea1heading.Content":"","seoarea1text.Content":"","seoarea2heading.Content":"","seoarea2text.Content":"","seoarea3heading.Content":"","seoarea3text.Content":"","seoarea4heading.Content":"","seoarea4text.Content":"","05g_seoarea_enabled.Value":"true","06_gallery_related1.gallery_related.TypeEntityName":"","06_gallery_related1.gallery_related.SubHeading":"","06_gallery_related1.gallery_related.Heading":"","06_gallery_related1.background_image.Id":"","06_gallery_related1.gallery_related.ButtonCtaText":"","06_gallery_related1.gallery_related.ButtonCtaUrl":"","gallery_related1_filterable_tabs_enabled.Value":"false","06_gallery_related1_enabled.Value":"true","06_gallery_related2.gallery_related.TypeEntityName":"","06_gallery_related2.gallery_related.SubHeading":"","06_gallery_related2.gallery_related.Heading":"","06_gallery_related2.background_image.Id":"","06_gallery_related2.gallery_related.ButtonCtaText":"","06_gallery_related2.gallery_related.ButtonCtaUrl":"","06_gallery_related2_enabled.Value":"true","06_gallery_related3.gallery_related.TypeEntityName":"","06_gallery_related3.gallery_related.SubHeading":"","06_gallery_related3.background_image.Id":"","06_gallery_related3.gallery_related.ButtonCtaText":"","06_gallery_related3.gallery_related.ButtonCtaUrl":"","06_gallery_related3.gallery_related.Heading":"","06_gallery_related3_enabled.Value":"true","06_gallery_related4.gallery_related.EnityId":"","06_gallery_related4.gallery_related.SubHeading":"","06_gallery_related4.gallery_related.Heading":"","06_gallery_related4.background_image.Id":"","06_gallery_related4.gallery_related.ButtonCtaText":"","06_gallery_related4.gallery_related.ButtonCtaUrl":"","06_gallery_related4_enabled.Value":"","06_gallery_related5.gallery_related.EnityId":"","06_gallery_related5.gallery_related.SubHeading":"","06_gallery_related5.gallery_related.Heading":"","06_gallery_related5.background_image.Id":"","06_gallery_related5.gallery_related.ButtonCtaText":"","06_gallery_related5.gallery_related.ButtonCtaUrl":"","06_gallery_related5_enabled.Value":"","instagram_feed.Content":"","toc_heading.Content":"true","heading_call_to_action.Content":"","subheading_call_to_action.Content":"","cta_call_to_action.Attribute":"","cta_call_to_action.Value":"cta_call_to_action.Value","call_to_action_video_enabled.Value":"","video_call_to_action_youtube_url.Value":"","video_call_to_action_youtube_url2.Value":"","06a_home_call_to_action.image_call_to_action.Id":"","06a_home_call_to_action_enabled.Value":"true","benefit1_call_to_action.Content":"true","benefit2_call_to_action.Content":"true","benefit3_call_to_action.Content":"true","benefit4_call_to_action.Content":"true","footer_contact_address.Content":"<div>Lindenallee 3b<br>50968 K\u00f6ln<\/div>","footer_e-mail.Value":"mailto:info@sz-legal.de","footer_calendly_url.Value":"","footer_contact_form_from_email.Attribute":"OMmatic","linkedin.Value":"","linkedin_enabled.Value":"false","instagram_enabled.Value":"false","whatsapp_enabled.Value":"false","whatsapp_number.Value":"https:\/\/wa.me\/","06_gallery_footer1.gallery_related.TypeEntityName":"rechtsgebiete","06_gallery_footer1.gallery_related.Heading":"Rechtsgebiete","06_gallery_footer2.gallery_related.TypeEntityName":"leistungen","footer_subheading_contact_form.Content":"<div>SZ Legal - Rechtsberatung f\u00fcr Privatpersonen  und Unternehmen weltweit<\/div>","instagram_url.Value":"","footer_e-mail.Attribute":"info@sz-legal.de","footer_telephone.Attribute":"+49 15563 037528","footer_telephone.Value":"tel:+4915563037528","footer_opening_hours.Content":"Montag - Freitag 09:00 - 18:00 Uhr","footer_contact_form_enabled.Value":"false","footer_heading_contact_form.Content":"<div>Kontakt<\/div>","footer_contact_form_name_text.Content":"Ihr Name","footer_contact_form_message_text.Content":"Ihre Nachricht","footer_contact_form_mail_text.Content":"ihre@email.com","footer_contact_form_heading.Content":"<div>Kontakt<\/div>","footer_contact_form_button_text.Content":"Absenden","footer_contact_form_phone_text.Content":"Telefonnummer","06_gallery_footer3.gallery_related.TypeEntityName":"rechtsanwaelte","07_footer.fachanwalt_de_logo.Id":369,"07_footer.juraforum_de_logo.Id":368,"07_footer.experten_branchenbuch_de_logo.Id":367,"footer_opening_hours_heading.Content":"<div>\u00d6ffnungszeiten<\/div>","footer_contact_form_mailto.Value":"info@sz-legal.de","footer_contact_form_subject.Content":"Nachricht von der Webseite sz-legal.de","footer_contact_form_bcc.Value":"marcel.zirkel@ommatic.de","footer_contact_form.Value":"1","footer_contact_form_posturl.Value":"https:\/\/eomsyd75moq1mt3.m.pipedream.net","experten_branchenbuch_de_url.Value":"https:\/\/www.experten-branchenbuch.de\/rechtsanwalt\/sandra-zimmerling-koeln","juraforum_de_url.Value":"https:\/\/www.juraforum.de\/rechtsanwalt\/sandra-zimmerling-koeln","fachanwalt_de_url.Value":"https:\/\/www.fachanwalt.de\/sandra-zimmerling","07_footer.background_image.Id":374,"footer_contact_form_from_email.Value":"marketing@ommatic.de","06_gallery_footer3.gallery_related.Heading":"Rechtsanw\u00e4ltin","06_gallery_footer2.gallery_related.Heading":"Leistungen","footer_address_heading.Content":"<div>Adresse<\/div>","emergency_number_heading.Content":"<div>Gerne f\u00fcr Sie erreichbar<\/div>","emergency_number.Attribute":"+49 15563 037528","emergency_number.Value":"tel:+4915563037528","facebook.Value":"","facebook_enabled.Value":"false","einbock_eintraege_enabled.Value":"true","instagram_url.Attribute":"instagram_url","tb-uid":"6357"},"aioseo_notices":[],"aioseo_head":"\n\t\t<!-- All in One SEO Pro 4.9.6.2 - aioseo.com -->\n\t<meta name=\"robots\" content=\"max-image-preview:large\" \/>\n\t<link rel=\"canonical\" href=\"https:\/\/sz-legal.de\/en\/kontakt\/\" \/>\n\t<meta name=\"generator\" content=\"All in One SEO Pro (AIOSEO) 4.9.6.2\" \/>\n\t\t<meta property=\"og:locale\" content=\"en_US\" \/>\n\t\t<meta property=\"og:site_name\" content=\"Sandra Zimmerling sz-legal -\" \/>\n\t\t<meta property=\"og:type\" content=\"article\" \/>\n\t\t<meta property=\"og:title\" content=\"Kontakt - Sandra Zimmerling sz-legal\" \/>\n\t\t<meta property=\"og:url\" content=\"https:\/\/sz-legal.de\/en\/kontakt\/\" \/>\n\t\t<meta property=\"article:published_time\" content=\"0001-01-01T00:00:00+00:00\" \/>\n\t\t<meta property=\"article:modified_time\" content=\"2026-04-16T10:36:32+00:00\" \/>\n\t\t<meta name=\"twitter:card\" content=\"summary_large_image\" \/>\n\t\t<meta name=\"twitter:title\" content=\"Kontakt - Sandra Zimmerling sz-legal\" \/>\n\t\t<script type=\"application\/ld+json\" class=\"aioseo-schema\">\n\t\t\t{\"@context\":\"https:\\\/\\\/schema.org\",\"@graph\":[{\"@type\":\"BreadcrumbList\",\"@id\":\"https:\\\/\\\/sz-legal.de\\\/en\\\/kontakt\\\/#breadcrumblist\",\"itemListElement\":[{\"@type\":\"ListItem\",\"@id\":\"https:\\\/\\\/sz-legal.de\\\/en#listItem\",\"position\":1,\"name\":\"Home\",\"item\":\"https:\\\/\\\/sz-legal.de\\\/en\",\"nextItem\":{\"@type\":\"ListItem\",\"@id\":\"https:\\\/\\\/sz-legal.de\\\/en\\\/kontakt\\\/#listItem\",\"name\":\"Kontakt\"}},{\"@type\":\"ListItem\",\"@id\":\"https:\\\/\\\/sz-legal.de\\\/en\\\/kontakt\\\/#listItem\",\"position\":2,\"name\":\"Kontakt\",\"previousItem\":{\"@type\":\"ListItem\",\"@id\":\"https:\\\/\\\/sz-legal.de\\\/en#listItem\",\"name\":\"Home\"}}]},{\"@type\":\"Organization\",\"@id\":\"https:\\\/\\\/sz-legal.de\\\/en\\\/#organization\",\"name\":\"Sandra Zimmerling SZ Legal\",\"description\":\"Als Fachanw\\u00e4ltin f\\u00fcr Migrationsrecht stehe ich Ihnen bei jeglichen Fragen rund um Einwanderung, Aufenthalt, Firmengr\\u00fcndung oder der Erlangung der deutschen Staatsangeh\\u00f6rigkeit gern zur Seite.\",\"url\":\"https:\\\/\\\/sz-legal.de\\\/en\\\/\",\"email\":\"info@sz-legal.de\",\"telephone\":\"+4915563037528\"},{\"@type\":\"WebPage\",\"@id\":\"https:\\\/\\\/sz-legal.de\\\/en\\\/kontakt\\\/#webpage\",\"url\":\"https:\\\/\\\/sz-legal.de\\\/en\\\/kontakt\\\/\",\"name\":\"Kontakt - Sandra Zimmerling sz-legal\",\"inLanguage\":\"en-US\",\"isPartOf\":{\"@id\":\"https:\\\/\\\/sz-legal.de\\\/en\\\/#website\"},\"breadcrumb\":{\"@id\":\"https:\\\/\\\/sz-legal.de\\\/en\\\/kontakt\\\/#breadcrumblist\"},\"image\":{\"@type\":\"ImageObject\",\"url\":\"https:\\\/\\\/sz-legal.de\\\/wp-content\\\/uploads\\\/2025\\\/02\\\/25-www-Mobile.jpg\",\"@id\":\"https:\\\/\\\/sz-legal.de\\\/en\\\/kontakt\\\/#mainImage\",\"width\":2500,\"height\":1667},\"primaryImageOfPage\":{\"@id\":\"https:\\\/\\\/sz-legal.de\\\/en\\\/kontakt\\\/#mainImage\"},\"datePublished\":\"0001-01-01T00:53:28+00:53\",\"dateModified\":\"2026-04-16T12:36:32+02:00\"},{\"@type\":\"WebSite\",\"@id\":\"https:\\\/\\\/sz-legal.de\\\/en\\\/#website\",\"url\":\"https:\\\/\\\/sz-legal.de\\\/en\\\/\",\"name\":\"Sandra Zimmerling SZ Legal\",\"alternateName\":\"Sandra Zimmerling - Fachanw\\u00e4ltin f\\u00fcr Migrationsrecht K\\u00f6ln\",\"inLanguage\":\"en-US\",\"publisher\":{\"@id\":\"https:\\\/\\\/sz-legal.de\\\/en\\\/#organization\"}}]}\n\t\t<\/script>\n\t\t<!-- All in One SEO Pro -->\r\n\t\t<title>Kontakt - Sandra Zimmerling sz-legal<\/title>\n\n","aioseo_head_json":{"title":"Contact - Sandra Zimmerling sz-legal","description":"","canonical_url":"https:\/\/sz-legal.de\/en\/kontakt\/","robots":"max-image-preview:large","keywords":"","webmasterTools":{"miscellaneous":""},"schema":{"@context":"https:\/\/schema.org","@graph":[{"@type":"BreadcrumbList","@id":"https:\/\/sz-legal.de\/en\/kontakt\/#breadcrumblist","itemListElement":[{"@type":"ListItem","@id":"https:\/\/sz-legal.de\/en#listItem","position":1,"name":"Home","item":"https:\/\/sz-legal.de\/en","nextItem":{"@type":"ListItem","@id":"https:\/\/sz-legal.de\/en\/kontakt\/#listItem","name":"Kontakt"}},{"@type":"ListItem","@id":"https:\/\/sz-legal.de\/en\/kontakt\/#listItem","position":2,"name":"Kontakt","previousItem":{"@type":"ListItem","@id":"https:\/\/sz-legal.de\/en#listItem","name":"Home"}}]},{"@type":"Organization","@id":"https:\/\/sz-legal.de\/en\/#organization","name":"Sandra Zimmerling SZ Legal","description":"Als Fachanw\u00e4ltin f\u00fcr Migrationsrecht stehe ich Ihnen bei jeglichen Fragen rund um Einwanderung, Aufenthalt, Firmengr\u00fcndung oder der Erlangung der deutschen Staatsangeh\u00f6rigkeit gern zur Seite.","url":"https:\/\/sz-legal.de\/en\/","email":"info@sz-legal.de","telephone":"+4915563037528"},{"@type":"WebPage","@id":"https:\/\/sz-legal.de\/en\/kontakt\/#webpage","url":"https:\/\/sz-legal.de\/en\/kontakt\/","name":"Kontakt - Sandra Zimmerling sz-legal","inLanguage":"en-US","isPartOf":{"@id":"https:\/\/sz-legal.de\/en\/#website"},"breadcrumb":{"@id":"https:\/\/sz-legal.de\/en\/kontakt\/#breadcrumblist"},"image":{"@type":"ImageObject","url":"https:\/\/sz-legal.de\/wp-content\/uploads\/2025\/02\/25-www-Mobile.jpg","@id":"https:\/\/sz-legal.de\/en\/kontakt\/#mainImage","width":2500,"height":1667},"primaryImageOfPage":{"@id":"https:\/\/sz-legal.de\/en\/kontakt\/#mainImage"},"datePublished":"0001-01-01T00:53:28+00:53","dateModified":"2026-04-16T12:36:32+02:00"},{"@type":"WebSite","@id":"https:\/\/sz-legal.de\/en\/#website","url":"https:\/\/sz-legal.de\/en\/","name":"Sandra Zimmerling SZ Legal","alternateName":"Sandra Zimmerling - Fachanw\u00e4ltin f\u00fcr Migrationsrecht K\u00f6ln","inLanguage":"en-US","publisher":{"@id":"https:\/\/sz-legal.de\/en\/#organization"}}]},"og:locale":"en_US","og:site_name":"Sandra Zimmerling sz-legal -","og:type":"article","og:title":"Kontakt - Sandra Zimmerling sz-legal","og:url":"https:\/\/sz-legal.de\/en\/kontakt\/","article:published_time":"0001-01-01T00:00:00+00:00","article:modified_time":"2026-04-16T10:36:32+00:00","twitter:card":"summary_large_image","twitter:title":"Kontakt - Sandra Zimmerling sz-legal"},"aioseo_meta_data":{"post_id":"793","title":null,"description":null,"keywords":null,"keyphrases":{"focus":{"keyphrase":"","score":0,"analysis":{"keyphraseInTitle":{"score":0,"maxScore":9,"error":1}}},"additional":[]},"primary_term":null,"canonical_url":null,"og_title":null,"og_description":null,"og_object_type":"default","og_image_type":"default","og_image_url":null,"og_image_width":null,"og_image_height":null,"og_image_custom_url":null,"og_image_custom_fields":null,"og_video":"","og_custom_url":null,"og_article_section":null,"og_article_tags":null,"twitter_use_og":false,"twitter_card":"default","twitter_image_type":"default","twitter_image_url":null,"twitter_image_custom_url":null,"twitter_image_custom_fields":null,"twitter_title":null,"twitter_description":null,"schema":{"blockGraphs":[],"customGraphs":[],"default":{"data":{"Article":[],"Course":[],"Dataset":[],"FAQPage":[],"Movie":[],"Person":[],"Product":[],"ProductReview":[],"Car":[],"Recipe":[],"Service":[],"SoftwareApplication":[],"WebPage":[]},"graphName":"WebPage","isEnabled":true},"graphs":[]},"schema_type":"default","schema_type_options":null,"pillar_content":false,"robots_default":true,"robots_noindex":false,"robots_noarchive":false,"robots_nosnippet":false,"robots_nofollow":false,"robots_noimageindex":false,"robots_noodp":false,"robots_notranslate":false,"robots_max_snippet":"-1","robots_max_videopreview":"-1","robots_max_imagepreview":"large","priority":null,"frequency":"default","local_seo":null,"seo_analyzer_scan_date":"2026-04-16 10:52:17","breadcrumb_settings":null,"limit_modified_date":false,"reviewed_by":null,"open_ai":"{\"title\":{\"suggestions\":[],\"usage\":0},\"description\":{\"suggestions\":[],\"usage\":0}}","ai":null,"created":"2025-02-26 10:52:14","updated":"2026-04-16 10:52:17"},"aioseo_breadcrumb":"<div class=\"aioseo-breadcrumbs\"><span class=\"aioseo-breadcrumb\">\n\t<a href=\"https:\/\/sz-legal.de\/en\" title=\"Home\">Home<\/a>\n<\/span><span class=\"aioseo-breadcrumb-separator\">&raquo;<\/span><span class=\"aioseo-breadcrumb\">\n\tKontakt\n<\/span><\/div>","aioseo_breadcrumb_json":[{"label":"Home","link":"https:\/\/sz-legal.de\/en"},{"label":"Kontakt","link":"https:\/\/sz-legal.de\/en\/kontakt\/"}],"_links":{"self":[{"href":"https:\/\/sz-legal.de\/en\/wp-json\/wp\/v2\/pages\/793","targetHints":{"allow":["GET"]}}],"collection":[{"href":"https:\/\/sz-legal.de\/en\/wp-json\/wp\/v2\/pages"}],"about":[{"href":"https:\/\/sz-legal.de\/en\/wp-json\/wp\/v2\/types\/page"}],"author":[{"embeddable":true,"href":"https:\/\/sz-legal.de\/en\/wp-json\/wp\/v2\/users\/1"}],"replies":[{"embeddable":true,"href":"https:\/\/sz-legal.de\/en\/wp-json\/wp\/v2\/comments?post=793"}],"version-history":[{"count":1,"href":"https:\/\/sz-legal.de\/en\/wp-json\/wp\/v2\/pages\/793\/revisions"}],"predecessor-version":[{"id":56320,"href":"https:\/\/sz-legal.de\/en\/wp-json\/wp\/v2\/pages\/793\/revisions\/56320"}],"wp:featuredmedia":[{"embeddable":true,"href":"https:\/\/sz-legal.de\/en\/wp-json\/wp\/v2\/media\/759"}],"wp:attachment":[{"href":"https:\/\/sz-legal.de\/en\/wp-json\/wp\/v2\/media?parent=793"}],"curies":[{"name":"wp","href":"https:\/\/api.w.org\/{rel}","templated":true}]}}